{"id":549,"date":"2019-03-11T12:08:38","date_gmt":"2019-03-11T12:08:38","guid":{"rendered":"https:\/\/sebastos-ct.com\/about\/"},"modified":"2022-08-17T04:15:55","modified_gmt":"2022-08-17T04:15:55","slug":"o-nas","status":"publish","type":"page","link":"https:\/\/sebastos-ct.com\/en\/o-nas\/","title":{"rendered":"About Us"},"content":{"rendered":"<div data-elementor-type=\"wp-post\" data-elementor-id=\"549\" class=\"elementor elementor-549\">\n\t\t\t\t\t\t\t\t\t<section class=\"elementor-section elementor-top-section elementor-element elementor-element-425bc64 elementor-section-boxed elementor-section-height-default elementor-section-height-default\" data-id=\"425bc64\" data-element_type=\"section\" data-settings=\"{&quot;background_background&quot;:&quot;classic&quot;}\">\n\t\t\t\t\t\t\t<div class=\"elementor-background-overlay\"><\/div>\n\t\t\t\t\t\t\t<div class=\"elementor-container elementor-column-gap-default\">\n\t\t\t\t\t<div class=\"elementor-column elementor-col-100 elementor-top-column elementor-element elementor-element-32d82ce\" data-id=\"32d82ce\" data-element_type=\"column\">\n\t\t\t<div class=\"elementor-widget-wrap elementor-element-populated\">\n\t\t\t\t\t\t\t\t<section class=\"elementor-section elementor-inner-section elementor-element elementor-element-e565f72 elementor-section-boxed elementor-section-height-default elementor-section-height-default\" data-id=\"e565f72\" data-element_type=\"section\">\n\t\t\t\t\t\t<div class=\"elementor-container elementor-column-gap-default\">\n\t\t\t\t\t<div class=\"elementor-column elementor-col-66 elementor-inner-column elementor-element elementor-element-61a1ab6\" data-id=\"61a1ab6\" data-element_type=\"column\">\n\t\t\t<div class=\"elementor-widget-wrap elementor-element-populated\">\n\t\t\t\t\t\t\t\t<div class=\"elementor-element elementor-element-1437cd8 elementor-widget elementor-widget-heading\" data-id=\"1437cd8\" data-element_type=\"widget\" data-widget_type=\"heading.default\">\n\t\t\t\t<div class=\"elementor-widget-container\">\n\t\t\t<style>\/*! elementor - v3.18.0 - 20-12-2023 *\/\n.elementor-heading-title{padding:0;margin:0;line-height:1}.elementor-widget-heading .elementor-heading-title[class*=elementor-size-]>a{color:inherit;font-size:inherit;line-height:inherit}.elementor-widget-heading .elementor-heading-title.elementor-size-small{font-size:15px}.elementor-widget-heading .elementor-heading-title.elementor-size-medium{font-size:19px}.elementor-widget-heading .elementor-heading-title.elementor-size-large{font-size:29px}.elementor-widget-heading .elementor-heading-title.elementor-size-xl{font-size:39px}.elementor-widget-heading .elementor-heading-title.elementor-size-xxl{font-size:59px}<\/style><h1 class=\"elementor-heading-title elementor-size-default\">About us<\/h1>\t\t<\/div>\n\t\t\t\t<\/div>\n\t\t\t\t\t<\/div>\n\t\t<\/div>\n\t\t\t\t<div class=\"elementor-column elementor-col-33 elementor-inner-column elementor-element elementor-element-7fe616d\" data-id=\"7fe616d\" data-element_type=\"column\">\n\t\t\t<div class=\"elementor-widget-wrap\">\n\t\t\t\t\t\t\t\t\t<\/div>\n\t\t<\/div>\n\t\t\t\t\t\t\t<\/div>\n\t\t<\/section>\n\t\t\t\t<section class=\"elementor-section elementor-inner-section elementor-element elementor-element-bb2c6a2 elementor-section-boxed elementor-section-height-default elementor-section-height-default\" data-id=\"bb2c6a2\" data-element_type=\"section\">\n\t\t\t\t\t\t<div class=\"elementor-container elementor-column-gap-default\">\n\t\t\t\t\t<div class=\"elementor-column elementor-col-100 elementor-inner-column elementor-element elementor-element-f9bf230\" data-id=\"f9bf230\" data-element_type=\"column\">\n\t\t\t<div class=\"elementor-widget-wrap\">\n\t\t\t\t\t\t\t\t\t<\/div>\n\t\t<\/div>\n\t\t\t\t\t\t\t<\/div>\n\t\t<\/section>\n\t\t\t\t\t<\/div>\n\t\t<\/div>\n\t\t\t\t\t\t\t<\/div>\n\t\t<\/section>\n\t\t\t\t<section class=\"elementor-section elementor-top-section elementor-element elementor-element-c16982b elementor-section-content-middle elementor-reverse-mobile elementor-section-boxed elementor-section-height-default elementor-section-height-default\" data-id=\"c16982b\" data-element_type=\"section\" data-settings=\"{&quot;background_background&quot;:&quot;classic&quot;}\">\n\t\t\t\t\t\t<div class=\"elementor-container elementor-column-gap-default\">\n\t\t\t\t\t<div class=\"elementor-column elementor-col-66 elementor-top-column elementor-element elementor-element-cf76402\" data-id=\"cf76402\" data-element_type=\"column\" data-settings=\"{&quot;background_background&quot;:&quot;classic&quot;}\">\n\t\t\t<div class=\"elementor-widget-wrap elementor-element-populated\">\n\t\t\t\t\t\t\t\t<div class=\"elementor-element elementor-element-8f15f14 elementor-widget elementor-widget-heading\" data-id=\"8f15f14\" data-element_type=\"widget\" data-widget_type=\"heading.default\">\n\t\t\t\t<div class=\"elementor-widget-container\">\n\t\t\t<h2 class=\"elementor-heading-title elementor-size-default\">Who we are<\/h2>\t\t<\/div>\n\t\t\t\t<\/div>\n\t\t\t\t<div class=\"elementor-element elementor-element-129813c elementor-widget elementor-widget-text-editor\" data-id=\"129813c\" data-element_type=\"widget\" data-widget_type=\"text-editor.default\">\n\t\t\t\t<div class=\"elementor-widget-container\">\n\t\t\t<style>\/*! elementor - v3.18.0 - 20-12-2023 *\/\n.elementor-widget-text-editor.elementor-drop-cap-view-stacked .elementor-drop-cap{background-color:#69727d;color:#fff}.elementor-widget-text-editor.elementor-drop-cap-view-framed .elementor-drop-cap{color:#69727d;border:3px solid;background-color:transparent}.elementor-widget-text-editor:not(.elementor-drop-cap-view-default) .elementor-drop-cap{margin-top:8px}.elementor-widget-text-editor:not(.elementor-drop-cap-view-default) .elementor-drop-cap-letter{width:1em;height:1em}.elementor-widget-text-editor .elementor-drop-cap{float:left;text-align:center;line-height:1;font-size:50px}.elementor-widget-text-editor .elementor-drop-cap-letter{display:inline-block}<\/style>\t\t\t\t<p>We are a company specializing in the assembly of transport systems in automated warehouses and logistics and distribution centers.<\/p><p>Our vision is to become one of the leading companies in the field of assembly of industrial equipment and robotics, and to work directly with the world's largest providers on the market and to build permanent partnerships with them.<\/p>\t\t\t\t\t\t<\/div>\n\t\t\t\t<\/div>\n\t\t\t\t\t<\/div>\n\t\t<\/div>\n\t\t\t\t<div class=\"elementor-column elementor-col-33 elementor-top-column elementor-element elementor-element-6e46a28\" data-id=\"6e46a28\" data-element_type=\"column\" data-settings=\"{&quot;background_background&quot;:&quot;classic&quot;}\">\n\t\t\t<div class=\"elementor-widget-wrap elementor-element-populated\">\n\t\t\t\t\t\t\t\t<div class=\"elementor-element elementor-element-eeb6d36 elementor-widget elementor-widget-image\" data-id=\"eeb6d36\" data-element_type=\"widget\" data-widget_type=\"image.default\">\n\t\t\t\t<div class=\"elementor-widget-container\">\n\t\t\t<style>\/*! elementor - v3.18.0 - 20-12-2023 *\/\n.elementor-widget-image{text-align:center}.elementor-widget-image a{display:inline-block}.elementor-widget-image a img[src$=\".svg\"]{width:48px}.elementor-widget-image img{vertical-align:middle;display:inline-block}<\/style>\t\t\t\t\t\t\t\t\t\t\t\t<img fetchpriority=\"high\" decoding=\"async\" width=\"1024\" height=\"768\" src=\"https:\/\/sebastos-ct.com\/wp-content\/uploads\/2022\/08\/9ed98410-ee74-4718-a2cc-2b0abcbf075c-1024x768.jpg\" class=\"attachment-large size-large wp-image-676\" alt=\"\" srcset=\"https:\/\/sebastos-ct.com\/wp-content\/uploads\/2022\/08\/9ed98410-ee74-4718-a2cc-2b0abcbf075c-1024x768.jpg 1024w, https:\/\/sebastos-ct.com\/wp-content\/uploads\/2022\/08\/9ed98410-ee74-4718-a2cc-2b0abcbf075c-300x225.jpg 300w, https:\/\/sebastos-ct.com\/wp-content\/uploads\/2022\/08\/9ed98410-ee74-4718-a2cc-2b0abcbf075c-768x576.jpg 768w, https:\/\/sebastos-ct.com\/wp-content\/uploads\/2022\/08\/9ed98410-ee74-4718-a2cc-2b0abcbf075c-1536x1152.jpg 1536w, https:\/\/sebastos-ct.com\/wp-content\/uploads\/2022\/08\/9ed98410-ee74-4718-a2cc-2b0abcbf075c-16x12.jpg 16w, https:\/\/sebastos-ct.com\/wp-content\/uploads\/2022\/08\/9ed98410-ee74-4718-a2cc-2b0abcbf075c.jpg 1984w\" sizes=\"(max-width: 1024px) 100vw, 1024px\" \/>\t\t\t\t\t\t\t\t\t\t\t\t\t\t\t<\/div>\n\t\t\t\t<\/div>\n\t\t\t\t\t<\/div>\n\t\t<\/div>\n\t\t\t\t\t\t\t<\/div>\n\t\t<\/section>\n\t\t\t\t<section class=\"elementor-section elementor-top-section elementor-element elementor-element-caba837 elementor-section-content-middle elementor-section-boxed elementor-section-height-default elementor-section-height-default\" data-id=\"caba837\" data-element_type=\"section\" data-settings=\"{&quot;background_background&quot;:&quot;classic&quot;}\">\n\t\t\t\t\t\t\t<div class=\"elementor-background-overlay\"><\/div>\n\t\t\t\t\t\t\t<div class=\"elementor-container elementor-column-gap-no\">\n\t\t\t\t\t<div class=\"elementor-column elementor-col-33 elementor-top-column elementor-element elementor-element-0e00c8f\" data-id=\"0e00c8f\" data-element_type=\"column\">\n\t\t\t<div class=\"elementor-widget-wrap\">\n\t\t\t\t\t\t\t\t\t<\/div>\n\t\t<\/div>\n\t\t\t\t<div class=\"elementor-column elementor-col-66 elementor-top-column elementor-element elementor-element-8733619\" data-id=\"8733619\" data-element_type=\"column\">\n\t\t\t<div class=\"elementor-widget-wrap elementor-element-populated\">\n\t\t\t\t\t\t\t\t<div class=\"elementor-element elementor-element-0e6f75a elementor-widget elementor-widget-heading\" data-id=\"0e6f75a\" data-element_type=\"widget\" data-widget_type=\"heading.default\">\n\t\t\t\t<div class=\"elementor-widget-container\">\n\t\t\t<h2 class=\"elementor-heading-title elementor-size-default\">Our values<\/h2>\t\t<\/div>\n\t\t\t\t<\/div>\n\t\t\t\t<div class=\"elementor-element elementor-element-b821346 elementor-widget elementor-widget-text-editor\" data-id=\"b821346\" data-element_type=\"widget\" data-widget_type=\"text-editor.default\">\n\t\t\t\t<div class=\"elementor-widget-container\">\n\t\t\t\t\t\t\t<ul><li>responsibility,<\/li><li>efficiency,<\/li><li>knowledge,<\/li><li>quality,<\/li><li>teamwork.<\/li><\/ul>\t\t\t\t\t\t<\/div>\n\t\t\t\t<\/div>\n\t\t\t\t<div class=\"elementor-element elementor-element-5caf7fd elementor-align-left elementor-mobile-align-center elementor-widget elementor-widget-button\" data-id=\"5caf7fd\" data-element_type=\"widget\" data-widget_type=\"button.default\">\n\t\t\t\t<div class=\"elementor-widget-container\">\n\t\t\t\t\t<div class=\"elementor-button-wrapper\">\n\t\t\t<a class=\"elementor-button elementor-button-link elementor-size-md\" href=\"https:\/\/sebastos-ct.com\/en\/kontakt\/\">\n\t\t\t\t\t\t<span class=\"elementor-button-content-wrapper\">\n\t\t\t\t\t\t<span class=\"elementor-button-text\">Contact us<\/span>\n\t\t<\/span>\n\t\t\t\t\t<\/a>\n\t\t<\/div>\n\t\t\t\t<\/div>\n\t\t\t\t<\/div>\n\t\t\t\t\t<\/div>\n\t\t<\/div>\n\t\t\t\t\t\t\t<\/div>\n\t\t<\/section>\n\t\t\t\t\t\t\t<\/div>","protected":false},"excerpt":{"rendered":"<p>O nas Kdo smo Smo podjetje ki se specializira za monta\u017eo transportnih sistemov v avtomatiziranih skladi\u0161\u010dih ter logisti\u010dnih in distribucijskih centrih. Na\u0161a vizija je postati eno izmed vodilnih podjetij na podro\u010dju monta\u017ee industrijske opreme in robotike ter neposredno sodelovati z najve\u010djimi svetovnimi ponudniki na trgu in z njimi graditi trajno partnersko sodelovanje. Na\u0161e vrednote odgovornost, &hellip;<\/p>\n<p class=\"read-more\"> <a class=\"\" href=\"https:\/\/sebastos-ct.com\/en\/o-nas\/\"> <span class=\"screen-reader-text\">About Us<\/span> Read More &raquo;<\/a><\/p>","protected":false},"author":1,"featured_media":0,"parent":0,"menu_order":0,"comment_status":"closed","ping_status":"closed","template":"","meta":{"site-sidebar-layout":"default","site-content-layout":"page-builder","ast-global-header-display":"","ast-main-header-display":"","ast-hfb-above-header-display":"","ast-hfb-below-header-display":"","ast-hfb-mobile-header-display":"","site-post-title":"disabled","ast-breadcrumbs-content":"","ast-featured-img":"disabled","footer-sml-layout":"","theme-transparent-header-meta":"enabled","adv-header-id-meta":"","stick-header-meta":"","header-above-stick-meta":"","header-main-stick-meta":"","header-below-stick-meta":"","footnotes":""},"class_list":["post-549","page","type-page","status-publish","hentry"],"yoast_head":"<!-- This site is optimized with the Yoast SEO Premium plugin v18.6 (Yoast SEO v21.8) - https:\/\/yoast.com\/wordpress\/plugins\/seo\/ -->\n<title>O Nas - Sebastos<\/title>\n<meta name=\"robots\" content=\"index, follow, max-snippet:-1, max-image-preview:large, max-video-preview:-1\" \/>\n<link rel=\"canonical\" href=\"https:\/\/sebastos-ct.com\/en\/o-nas\/\" \/>\n<meta property=\"og:locale\" content=\"en_US\" \/>\n<meta property=\"og:type\" content=\"article\" \/>\n<meta property=\"og:title\" content=\"O Nas\" \/>\n<meta property=\"og:description\" content=\"O nas Kdo smo Smo podjetje ki se specializira za monta\u017eo transportnih sistemov v avtomatiziranih skladi\u0161\u010dih ter logisti\u010dnih in distribucijskih centrih. Na\u0161a vizija je postati eno izmed vodilnih podjetij na podro\u010dju monta\u017ee industrijske opreme in robotike ter neposredno sodelovati z najve\u010djimi svetovnimi ponudniki na trgu in z njimi graditi trajno partnersko sodelovanje. Na\u0161e vrednote odgovornost, &hellip; O Nas Read More &raquo;\" \/>\n<meta property=\"og:url\" content=\"https:\/\/sebastos-ct.com\/en\/o-nas\/\" \/>\n<meta property=\"og:site_name\" content=\"Sebastos\" \/>\n<meta property=\"article:modified_time\" content=\"2022-08-17T04:15:55+00:00\" \/>\n<meta property=\"og:image\" content=\"https:\/\/sebastos-ct.com\/wp-content\/uploads\/2022\/08\/9ed98410-ee74-4718-a2cc-2b0abcbf075c-1024x768.jpg\" \/>\n<meta name=\"twitter:card\" content=\"summary_large_image\" \/>\n<meta name=\"twitter:label1\" content=\"Est. reading time\" \/>\n\t<meta name=\"twitter:data1\" content=\"2 minutes\" \/>\n<script type=\"application\/ld+json\" class=\"yoast-schema-graph\">{\"@context\":\"https:\/\/schema.org\",\"@graph\":[{\"@type\":\"WebPage\",\"@id\":\"https:\/\/sebastos-ct.com\/o-nas\/\",\"url\":\"https:\/\/sebastos-ct.com\/o-nas\/\",\"name\":\"O Nas - Sebastos\",\"isPartOf\":{\"@id\":\"https:\/\/sebastos-ct.com\/#website\"},\"datePublished\":\"2019-03-11T12:08:38+00:00\",\"dateModified\":\"2022-08-17T04:15:55+00:00\",\"breadcrumb\":{\"@id\":\"https:\/\/sebastos-ct.com\/o-nas\/#breadcrumb\"},\"inLanguage\":\"en-US\",\"potentialAction\":[{\"@type\":\"ReadAction\",\"target\":[\"https:\/\/sebastos-ct.com\/o-nas\/\"]}]},{\"@type\":\"BreadcrumbList\",\"@id\":\"https:\/\/sebastos-ct.com\/o-nas\/#breadcrumb\",\"itemListElement\":[{\"@type\":\"ListItem\",\"position\":1,\"name\":\"Home\",\"item\":\"https:\/\/sebastos-ct.com\/\"},{\"@type\":\"ListItem\",\"position\":2,\"name\":\"O Nas\"}]},{\"@type\":\"WebSite\",\"@id\":\"https:\/\/sebastos-ct.com\/#website\",\"url\":\"https:\/\/sebastos-ct.com\/\",\"name\":\"Sebastos\",\"description\":\"Avtomatizacija skladi\u0161\u010d\",\"publisher\":{\"@id\":\"https:\/\/sebastos-ct.com\/#organization\"},\"potentialAction\":[{\"@type\":\"SearchAction\",\"target\":{\"@type\":\"EntryPoint\",\"urlTemplate\":\"https:\/\/sebastos-ct.com\/?s={search_term_string}\"},\"query-input\":\"required name=search_term_string\"}],\"inLanguage\":\"en-US\"},{\"@type\":\"Organization\",\"@id\":\"https:\/\/sebastos-ct.com\/#organization\",\"name\":\"Sebastos-ct\",\"url\":\"https:\/\/sebastos-ct.com\/\",\"logo\":{\"@type\":\"ImageObject\",\"inLanguage\":\"en-US\",\"@id\":\"https:\/\/sebastos-ct.com\/#\/schema\/logo\/image\/\",\"url\":\"https:\/\/sebastos-ct.com\/wp-content\/uploads\/2024\/01\/iScreen_Shoter_-_Safari_-_240112151034-removebg-preview.png\",\"contentUrl\":\"https:\/\/sebastos-ct.com\/wp-content\/uploads\/2024\/01\/iScreen_Shoter_-_Safari_-_240112151034-removebg-preview.png\",\"width\":432,\"height\":204,\"caption\":\"Sebastos-ct\"},\"image\":{\"@id\":\"https:\/\/sebastos-ct.com\/#\/schema\/logo\/image\/\"}}]}<\/script>\n<!-- \/ Yoast SEO Premium plugin. -->","yoast_head_json":{"title":"O Nas - Sebastos","robots":{"index":"index","follow":"follow","max-snippet":"max-snippet:-1","max-image-preview":"max-image-preview:large","max-video-preview":"max-video-preview:-1"},"canonical":"https:\/\/sebastos-ct.com\/en\/o-nas\/","og_locale":"en_US","og_type":"article","og_title":"O Nas","og_description":"O nas Kdo smo Smo podjetje ki se specializira za monta\u017eo transportnih sistemov v avtomatiziranih skladi\u0161\u010dih ter logisti\u010dnih in distribucijskih centrih. Na\u0161a vizija je postati eno izmed vodilnih podjetij na podro\u010dju monta\u017ee industrijske opreme in robotike ter neposredno sodelovati z najve\u010djimi svetovnimi ponudniki na trgu in z njimi graditi trajno partnersko sodelovanje. Na\u0161e vrednote odgovornost, &hellip; O Nas Read More &raquo;","og_url":"https:\/\/sebastos-ct.com\/en\/o-nas\/","og_site_name":"Sebastos","article_modified_time":"2022-08-17T04:15:55+00:00","og_image":[{"url":"https:\/\/sebastos-ct.com\/wp-content\/uploads\/2022\/08\/9ed98410-ee74-4718-a2cc-2b0abcbf075c-1024x768.jpg"}],"twitter_card":"summary_large_image","twitter_misc":{"Est. reading time":"2 minutes"},"schema":{"@context":"https:\/\/schema.org","@graph":[{"@type":"WebPage","@id":"https:\/\/sebastos-ct.com\/o-nas\/","url":"https:\/\/sebastos-ct.com\/o-nas\/","name":"O Nas - Sebastos","isPartOf":{"@id":"https:\/\/sebastos-ct.com\/#website"},"datePublished":"2019-03-11T12:08:38+00:00","dateModified":"2022-08-17T04:15:55+00:00","breadcrumb":{"@id":"https:\/\/sebastos-ct.com\/o-nas\/#breadcrumb"},"inLanguage":"en-US","potentialAction":[{"@type":"ReadAction","target":["https:\/\/sebastos-ct.com\/o-nas\/"]}]},{"@type":"BreadcrumbList","@id":"https:\/\/sebastos-ct.com\/o-nas\/#breadcrumb","itemListElement":[{"@type":"ListItem","position":1,"name":"Home","item":"https:\/\/sebastos-ct.com\/"},{"@type":"ListItem","position":2,"name":"O Nas"}]},{"@type":"WebSite","@id":"https:\/\/sebastos-ct.com\/#website","url":"https:\/\/sebastos-ct.com\/","name":"Sebastos","description":"Avtomatizacija skladi\u0161\u010d","publisher":{"@id":"https:\/\/sebastos-ct.com\/#organization"},"potentialAction":[{"@type":"SearchAction","target":{"@type":"EntryPoint","urlTemplate":"https:\/\/sebastos-ct.com\/?s={search_term_string}"},"query-input":"required name=search_term_string"}],"inLanguage":"en-US"},{"@type":"Organization","@id":"https:\/\/sebastos-ct.com\/#organization","name":"Sebastos-ct","url":"https:\/\/sebastos-ct.com\/","logo":{"@type":"ImageObject","inLanguage":"en-US","@id":"https:\/\/sebastos-ct.com\/#\/schema\/logo\/image\/","url":"https:\/\/sebastos-ct.com\/wp-content\/uploads\/2024\/01\/iScreen_Shoter_-_Safari_-_240112151034-removebg-preview.png","contentUrl":"https:\/\/sebastos-ct.com\/wp-content\/uploads\/2024\/01\/iScreen_Shoter_-_Safari_-_240112151034-removebg-preview.png","width":432,"height":204,"caption":"Sebastos-ct"},"image":{"@id":"https:\/\/sebastos-ct.com\/#\/schema\/logo\/image\/"}}]}},"_links":{"self":[{"href":"https:\/\/sebastos-ct.com\/en\/wp-json\/wp\/v2\/pages\/549","targetHints":{"allow":["GET"]}}],"collection":[{"href":"https:\/\/sebastos-ct.com\/en\/wp-json\/wp\/v2\/pages"}],"about":[{"href":"https:\/\/sebastos-ct.com\/en\/wp-json\/wp\/v2\/types\/page"}],"author":[{"embeddable":true,"href":"https:\/\/sebastos-ct.com\/en\/wp-json\/wp\/v2\/users\/1"}],"replies":[{"embeddable":true,"href":"https:\/\/sebastos-ct.com\/en\/wp-json\/wp\/v2\/comments?post=549"}],"version-history":[{"count":27,"href":"https:\/\/sebastos-ct.com\/en\/wp-json\/wp\/v2\/pages\/549\/revisions"}],"predecessor-version":[{"id":867,"href":"https:\/\/sebastos-ct.com\/en\/wp-json\/wp\/v2\/pages\/549\/revisions\/867"}],"wp:attachment":[{"href":"https:\/\/sebastos-ct.com\/en\/wp-json\/wp\/v2\/media?parent=549"}],"curies":[{"name":"wp","href":"https:\/\/api.w.org\/{rel}","templated":true}]}}